{"id":11,"date":"2020-01-24T10:03:00","date_gmt":"2020-01-24T09:03:00","guid":{"rendered":"http:\/\/jeromedylan-elagage.fr\/?page_id=11"},"modified":"2020-03-05T15:09:20","modified_gmt":"2020-03-05T14:09:20","slug":"contact","status":"publish","type":"page","link":"https:\/\/jeromedylan-elagage.fr\/index.php\/contact\/","title":{"rendered":"Contact"},"content":{"rendered":"<p>[et_pb_section fb_built=\u00a0\u00bb1&Prime; _builder_version=\u00a0\u00bb4.2.2&Prime; background_image=\u00a0\u00bbhttp:\/\/jeromedylan-elagage.fr\/wp-content\/uploads\/2020\/02\/fond1-haut.jpg\u00a0\u00bb module_alignment=\u00a0\u00bbcenter\u00a0\u00bb height=\u00a0\u00bb227px\u00a0\u00bb border_width_top=\u00a0\u00bb3px\u00a0\u00bb border_color_top=\u00a0\u00bb#873211&Prime; box_shadow_style=\u00a0\u00bbpreset1&Prime;][et_pb_row _builder_version=\u00a0\u00bb4.2.2&Prime;][et_pb_column type=\u00a0\u00bb4_4&Prime; _builder_version=\u00a0\u00bb4.2.2&Prime;][et_pb_image src=\u00a0\u00bbhttp:\/\/jeromedylan-elagage.fr\/wp-content\/uploads\/2020\/02\/Logo.png\u00a0\u00bb align=\u00a0\u00bbcenter\u00a0\u00bb _builder_version=\u00a0\u00bb4.2.2&Prime; width=\u00a0\u00bb17%\u00a0\u00bb custom_margin=\u00a0\u00bb-59px|||||\u00a0\u00bb][\/et_pb_image][\/et_pb_column][\/et_pb_row][\/et_pb_section][et_pb_section fb_built=\u00a0\u00bb1&Prime; _builder_version=\u00a0\u00bb4.2.2&Prime; background_image=\u00a0\u00bbhttp:\/\/jeromedylan-elagage.fr\/wp-content\/uploads\/2020\/02\/fond-contact.jpg\u00a0\u00bb][et_pb_row column_structure=\u00a0\u00bb1_3,1_3,1_3&Prime; _builder_version=\u00a0\u00bb4.2.2&Prime; background_color=\u00a0\u00bbrgba(255,255,255,0.61)\u00a0\u00bb custom_padding=\u00a0\u00bb|10px||10px|true|true\u00a0\u00bb border_radii=\u00a0\u00bbon|24px|24px|24px|24px\u00a0\u00bb][et_pb_column type=\u00a0\u00bb1_3&Prime; _builder_version=\u00a0\u00bb4.2.2&Prime;][et_pb_text _builder_version=\u00a0\u00bb4.2.2&Prime; text_font_size=\u00a0\u00bb11px\u00a0\u00bb text_line_height=\u00a0\u00bb1.6em\u00a0\u00bb]<\/p>\n<p style=\"text-align: center;\"><strong>Formulaire de contact<br \/><\/strong><\/p>\n<p>Pour nous contacter par e-mail, merci de remplir le formulaire de contact ci-dessous.<\/p>\n<p>[\/et_pb_text][et_pb_contact_form email=\u00a0\u00bbjeromedylan.elagage@gmail.com\u00a0\u00bb _builder_version=\u00a0\u00bb4.3.4&Prime; form_field_background_color=\u00a0\u00bb#ba9f97&Prime; form_field_text_color=\u00a0\u00bb#3b180b\u00a0\u00bb form_field_focus_background_color=\u00a0\u00bb#966b00&Prime; form_field_focus_text_color=\u00a0\u00bb#000000&Prime; title_text_color=\u00a0\u00bb#000000&Prime; custom_button=\u00a0\u00bbon\u00a0\u00bb button_text_color=\u00a0\u00bb#ffffff\u00a0\u00bb button_bg_color=\u00a0\u00bb#4f1707&Prime; button_border_radius=\u00a0\u00bb7px\u00a0\u00bb button_icon=\u00a0\u00bb%%109%%\u00a0\u00bb button_on_hover=\u00a0\u00bboff\u00a0\u00bb hover_enabled=\u00a0\u00bb0&Prime; border_radii=\u00a0\u00bbon|5px|5px|5px|5px\u00a0\u00bb box_shadow_style=\u00a0\u00bbpreset3&Prime;][et_pb_contact_field field_id=\u00a0\u00bbName\u00a0\u00bb field_title=\u00a0\u00bbNom\u00a0\u00bb _builder_version=\u00a0\u00bb4.2.2&Prime; button_text_size__hover_enabled=\u00a0\u00bboff\u00a0\u00bb button_one_text_size__hover_enabled=\u00a0\u00bboff\u00a0\u00bb button_two_text_size__hover_enabled=\u00a0\u00bboff\u00a0\u00bb button_text_color__hover_enabled=\u00a0\u00bboff\u00a0\u00bb button_one_text_color__hover_enabled=\u00a0\u00bboff\u00a0\u00bb button_two_text_color__hover_enabled=\u00a0\u00bboff\u00a0\u00bb button_border_width__hover_enabled=\u00a0\u00bboff\u00a0\u00bb button_one_border_width__hover_enabled=\u00a0\u00bboff\u00a0\u00bb button_two_border_width__hover_enabled=\u00a0\u00bboff\u00a0\u00bb button_border_color__hover_enabled=\u00a0\u00bboff\u00a0\u00bb button_one_border_color__hover_enabled=\u00a0\u00bboff\u00a0\u00bb button_two_border_color__hover_enabled=\u00a0\u00bboff\u00a0\u00bb button_border_radius__hover_enabled=\u00a0\u00bboff\u00a0\u00bb button_one_border_radius__hover_enabled=\u00a0\u00bboff\u00a0\u00bb button_two_border_radius__hover_enabled=\u00a0\u00bboff\u00a0\u00bb button_letter_spacing__hover_enabled=\u00a0\u00bboff\u00a0\u00bb button_one_letter_spacing__hover_enabled=\u00a0\u00bboff\u00a0\u00bb button_two_letter_spacing__hover_enabled=\u00a0\u00bboff\u00a0\u00bb button_bg_color__hover_enabled=\u00a0\u00bboff\u00a0\u00bb button_one_bg_color__hover_enabled=\u00a0\u00bboff\u00a0\u00bb button_two_bg_color__hover_enabled=\u00a0\u00bboff\u00a0\u00bb][\/et_pb_contact_field][et_pb_contact_field field_id=\u00a0\u00bbEmail\u00a0\u00bb field_title=\u00a0\u00bbAdresse e-mail\u00a0\u00bb field_type=\u00a0\u00bbemail\u00a0\u00bb _builder_version=\u00a0\u00bb3.16&Prime; button_text_size__hover_enabled=\u00a0\u00bboff\u00a0\u00bb button_one_text_size__hover_enabled=\u00a0\u00bboff\u00a0\u00bb button_two_text_size__hover_enabled=\u00a0\u00bboff\u00a0\u00bb button_text_color__hover_enabled=\u00a0\u00bboff\u00a0\u00bb button_one_text_color__hover_enabled=\u00a0\u00bboff\u00a0\u00bb button_two_text_color__hover_enabled=\u00a0\u00bboff\u00a0\u00bb button_border_width__hover_enabled=\u00a0\u00bboff\u00a0\u00bb button_one_border_width__hover_enabled=\u00a0\u00bboff\u00a0\u00bb button_two_border_width__hover_enabled=\u00a0\u00bboff\u00a0\u00bb button_border_color__hover_enabled=\u00a0\u00bboff\u00a0\u00bb button_one_border_color__hover_enabled=\u00a0\u00bboff\u00a0\u00bb button_two_border_color__hover_enabled=\u00a0\u00bboff\u00a0\u00bb button_border_radius__hover_enabled=\u00a0\u00bboff\u00a0\u00bb button_one_border_radius__hover_enabled=\u00a0\u00bboff\u00a0\u00bb button_two_border_radius__hover_enabled=\u00a0\u00bboff\u00a0\u00bb button_letter_spacing__hover_enabled=\u00a0\u00bboff\u00a0\u00bb button_one_letter_spacing__hover_enabled=\u00a0\u00bboff\u00a0\u00bb button_two_letter_spacing__hover_enabled=\u00a0\u00bboff\u00a0\u00bb button_bg_color__hover_enabled=\u00a0\u00bboff\u00a0\u00bb button_one_bg_color__hover_enabled=\u00a0\u00bboff\u00a0\u00bb button_two_bg_color__hover_enabled=\u00a0\u00bboff\u00a0\u00bb][\/et_pb_contact_field][et_pb_contact_field field_id=\u00a0\u00bbtel\u00a0\u00bb field_title=\u00a0\u00bbT\u00e9l\u00e9phone\u00a0\u00bb fullwidth_field=\u00a0\u00bbon\u00a0\u00bb _builder_version=\u00a0\u00bb4.2.2&Prime;][\/et_pb_contact_field][et_pb_contact_field field_id=\u00a0\u00bbbesoin\u00a0\u00bb field_title=\u00a0\u00bbUn besoin pour\u00a0\u00bb field_type=\u00a0\u00bbcheckbox\u00a0\u00bb checkbox_options=\u00a0\u00bb%91{%22value%22:%22de l&rsquo;abbatage%22,%22checked%22:0,%22dragID%22:-1},{%22value%22:%22de l&rsquo;\u00e9lagage%22,%22checked%22:0,%22dragID%22:0},{%22value%22:%22Taille de haie%22,%22checked%22:0,%22dragID%22:1},{%22value%22:%22Taille de pelouse%22,%22checked%22:0,%22dragID%22:2},{%22value%22:%22Un d\u00e9broussaillage%22,%22checked%22:0,%22dragID%22:3}%93&Prime; required_mark=\u00a0\u00bboff\u00a0\u00bb fullwidth_field=\u00a0\u00bbon\u00a0\u00bb _builder_version=\u00a0\u00bb4.2.2&Prime;][\/et_pb_contact_field][et_pb_contact_field field_id=\u00a0\u00bbdemande\u00a0\u00bb field_title=\u00a0\u00bbVotre demande concerne\u00a0\u00bb field_type=\u00a0\u00bbselect\u00a0\u00bb select_options=\u00a0\u00bb%91{%22value%22:%22Un renseignement%22,%22checked%22:0,%22dragID%22:-1},{%22value%22:%22Une demande de devis gratuit%22,%22checked%22:0,%22dragID%22:0},{%22value%22:%22Des travaux en cours%22,%22checked%22:0,%22dragID%22:1}%93&Prime; fullwidth_field=\u00a0\u00bbon\u00a0\u00bb _builder_version=\u00a0\u00bb4.3.4&Prime; form_field_text_color=\u00a0\u00bb#ffffff\u00a0\u00bb form_field_focus_background_color=\u00a0\u00bb#ffffff\u00a0\u00bb form_field_focus_text_color=\u00a0\u00bb#ffffff\u00a0\u00bb][\/et_pb_contact_field][et_pb_contact_field field_id=\u00a0\u00bbMessage\u00a0\u00bb field_title=\u00a0\u00bbObjet de votre message\u00a0\u00bb field_type=\u00a0\u00bbtext\u00a0\u00bb fullwidth_field=\u00a0\u00bbon\u00a0\u00bb _builder_version=\u00a0\u00bb4.2.2&Prime; button_text_size__hover_enabled=\u00a0\u00bboff\u00a0\u00bb button_one_text_size__hover_enabled=\u00a0\u00bboff\u00a0\u00bb button_two_text_size__hover_enabled=\u00a0\u00bboff\u00a0\u00bb button_text_color__hover_enabled=\u00a0\u00bboff\u00a0\u00bb button_one_text_color__hover_enabled=\u00a0\u00bboff\u00a0\u00bb button_two_text_color__hover_enabled=\u00a0\u00bboff\u00a0\u00bb button_border_width__hover_enabled=\u00a0\u00bboff\u00a0\u00bb button_one_border_width__hover_enabled=\u00a0\u00bboff\u00a0\u00bb button_two_border_width__hover_enabled=\u00a0\u00bboff\u00a0\u00bb button_border_color__hover_enabled=\u00a0\u00bboff\u00a0\u00bb button_one_border_color__hover_enabled=\u00a0\u00bboff\u00a0\u00bb button_two_border_color__hover_enabled=\u00a0\u00bboff\u00a0\u00bb button_border_radius__hover_enabled=\u00a0\u00bboff\u00a0\u00bb button_one_border_radius__hover_enabled=\u00a0\u00bboff\u00a0\u00bb button_two_border_radius__hover_enabled=\u00a0\u00bboff\u00a0\u00bb button_letter_spacing__hover_enabled=\u00a0\u00bboff\u00a0\u00bb button_one_letter_spacing__hover_enabled=\u00a0\u00bboff\u00a0\u00bb button_two_letter_spacing__hover_enabled=\u00a0\u00bboff\u00a0\u00bb button_bg_color__hover_enabled=\u00a0\u00bboff\u00a0\u00bb button_one_bg_color__hover_enabled=\u00a0\u00bboff\u00a0\u00bb button_two_bg_color__hover_enabled=\u00a0\u00bboff\u00a0\u00bb][\/et_pb_contact_field][\/et_pb_contact_form][\/et_pb_column][et_pb_column type=\u00a0\u00bb1_3&Prime; _builder_version=\u00a0\u00bb4.2.2&Prime;][et_pb_blurb title=\u00a0\u00bbJ\u00e9r\u00f4me et Dylan &#8211; P\u00e8re &#038; Fils\u00a0\u00bb image=\u00a0\u00bbhttp:\/\/jeromedylan-elagage.fr\/wp-content\/uploads\/2020\/02\/Logo.png\u00a0\u00bb image_max_width=\u00a0\u00bb50%\u00a0\u00bb content_max_width=\u00a0\u00bb614px\u00a0\u00bb _builder_version=\u00a0\u00bb4.2.2&Prime; text_orientation=\u00a0\u00bbcenter\u00a0\u00bb width=\u00a0\u00bb98%\u00a0\u00bb]<\/p>\n<p>159 Avenue de la Mer<br \/> 62730 &#8211; Les Hemmes de Marck<\/p>\n<p><strong>J\u00e9rome Schwartz<\/strong><br \/>Siret : 448 449 314 00039<\/p>\n<p><strong>Dylan Schwartz<\/strong><br \/>Siret : 813 905 809 00014<\/p>\n<p>[\/et_pb_blurb][\/et_pb_column][et_pb_column type=\u00a0\u00bb1_3&Prime; _builder_version=\u00a0\u00bb4.2.2&Prime;][et_pb_text _builder_version=\u00a0\u00bb4.2.2&Prime; text_font_size=\u00a0\u00bb11px\u00a0\u00bb text_line_height=\u00a0\u00bb1.6em\u00a0\u00bb]<\/p>\n<p style=\"text-align: center;\"><strong>Une demande ? Un renseignement ?<\/strong><\/p>\n<p>N&rsquo;h\u00e9sitez pas \u00e0 joindre un de nos collaborateurs. Si nous sommes sur un chantier, laissez-nous un message, nous vous r\u00e9pondrons d\u00e8s que possible.<\/p>\n<p>[\/et_pb_text][et_pb_blurb title=\u00a0\u00bbJ\u00e9r\u00f4me SCHWARTZ\u00a0\u00bb use_icon=\u00a0\u00bbon\u00a0\u00bb font_icon=\u00a0\u00bb%%86%%\u00a0\u00bb icon_color=\u00a0\u00bb#4f1707&Prime; icon_placement=\u00a0\u00bbleft\u00a0\u00bb _builder_version=\u00a0\u00bb4.2.2&Prime; header_font_size=\u00a0\u00bb20px\u00a0\u00bb body_font_size=\u00a0\u00bb20px\u00a0\u00bb custom_padding=\u00a0\u00bb||30px||false|false\u00a0\u00bb border_color_all=\u00a0\u00bb#4f1707&Prime; border_width_bottom=\u00a0\u00bb2px\u00a0\u00bb]<\/p>\n<p>T\u00e9l : 06 10 23 59 96<\/p>\n<p>[\/et_pb_blurb][et_pb_blurb title=\u00a0\u00bbDylan SCHWARTZ\u00a0\u00bb use_icon=\u00a0\u00bbon\u00a0\u00bb font_icon=\u00a0\u00bb%%86%%\u00a0\u00bb icon_color=\u00a0\u00bb#4f1707&Prime; icon_placement=\u00a0\u00bbleft\u00a0\u00bb _builder_version=\u00a0\u00bb4.2.2&Prime; header_font_size=\u00a0\u00bb20px\u00a0\u00bb body_font_size=\u00a0\u00bb21px\u00a0\u00bb]<\/p>\n<p>T\u00e9l : 07 88 43 59 67<\/p>\n<p>[\/et_pb_blurb][et_pb_image src=\u00a0\u00bbhttp:\/\/jeromedylan-elagage.fr\/wp-content\/uploads\/2020\/03\/intervention.jpg\u00a0\u00bb _builder_version=\u00a0\u00bb4.3.4&Prime; hover_enabled=\u00a0\u00bb0&Prime; border_radii=\u00a0\u00bbon|22px|22px|22px|22px\u00a0\u00bb box_shadow_style=\u00a0\u00bbpreset3&Prime; show_in_lightbox=\u00a0\u00bbon\u00a0\u00bb][\/et_pb_image][\/et_pb_column][\/et_pb_row][\/et_pb_section]<\/p>\n","protected":false},"excerpt":{"rendered":"<p>Formulaire de contact Pour nous contacter par e-mail, merci de remplir le formulaire de contact ci-dessous.159 Avenue de la Mer 62730 &#8211; Les Hemmes de Marck J\u00e9rome SchwartzSiret : 448 449 314 00039 Dylan SchwartzSiret : 813 905 809 00014Une demande ? Un renseignement ? N&rsquo;h\u00e9sitez pas \u00e0 joindre un de nos collaborateurs. Si nous [&hellip;]<\/p>\n","protected":false},"author":1,"featured_media":0,"parent":0,"menu_order":0,"comment_status":"closed","ping_status":"closed","template":"","meta":{"_et_pb_use_builder":"on","_et_pb_old_content":"","_et_gb_content_width":"","footnotes":""},"class_list":["post-11","page","type-page","status-publish","hentry"],"_links":{"self":[{"href":"https:\/\/jeromedylan-elagage.fr\/index.php\/wp-json\/wp\/v2\/pages\/11","targetHints":{"allow":["GET"]}}],"collection":[{"href":"https:\/\/jeromedylan-elagage.fr\/index.php\/wp-json\/wp\/v2\/pages"}],"about":[{"href":"https:\/\/jeromedylan-elagage.fr\/index.php\/wp-json\/wp\/v2\/types\/page"}],"author":[{"embeddable":true,"href":"https:\/\/jeromedylan-elagage.fr\/index.php\/wp-json\/wp\/v2\/users\/1"}],"replies":[{"embeddable":true,"href":"https:\/\/jeromedylan-elagage.fr\/index.php\/wp-json\/wp\/v2\/comments?post=11"}],"version-history":[{"count":23,"href":"https:\/\/jeromedylan-elagage.fr\/index.php\/wp-json\/wp\/v2\/pages\/11\/revisions"}],"predecessor-version":[{"id":272,"href":"https:\/\/jeromedylan-elagage.fr\/index.php\/wp-json\/wp\/v2\/pages\/11\/revisions\/272"}],"wp:attachment":[{"href":"https:\/\/jeromedylan-elagage.fr\/index.php\/wp-json\/wp\/v2\/media?parent=11"}],"curies":[{"name":"wp","href":"https:\/\/api.w.org\/{rel}","templated":true}]}}