{"id":5,"date":"2020-01-24T10:01:57","date_gmt":"2020-01-24T09:01:57","guid":{"rendered":"http:\/\/jeromedylan-elagage.fr\/?page_id=5"},"modified":"2022-03-24T14:37:04","modified_gmt":"2022-03-24T13:37:04","slug":"accueil","status":"publish","type":"page","link":"https:\/\/jeromedylan-elagage.fr\/","title":{"rendered":"Accueil"},"content":{"rendered":"<p>[et_pb_section fb_built=\u00a0\u00bb1&Prime; _builder_version=\u00a0\u00bb4.15&Prime; background_image=\u00a0\u00bbhttp:\/\/jeromedylan-elagage.fr\/wp-content\/uploads\/2020\/02\/fond1-haut.jpg\u00a0\u00bb module_alignment=\u00a0\u00bbcenter\u00a0\u00bb height=\u00a0\u00bb227px\u00a0\u00bb border_width_top=\u00a0\u00bb3px\u00a0\u00bb border_color_top=\u00a0\u00bb#873211&Prime; box_shadow_style=\u00a0\u00bbpreset1&Prime; global_colors_info=\u00a0\u00bb{}\u00a0\u00bb][et_pb_row _builder_version=\u00a0\u00bb4.15&Prime; global_colors_info=\u00a0\u00bb{}\u00a0\u00bb][et_pb_column type=\u00a0\u00bb4_4&Prime; _builder_version=\u00a0\u00bb4.15&Prime; global_colors_info=\u00a0\u00bb{}\u00a0\u00bb][et_pb_image src=\u00a0\u00bbhttp:\/\/jeromedylan-elagage.fr\/wp-content\/uploads\/2020\/02\/Logo.png\u00a0\u00bb align=\u00a0\u00bbcenter\u00a0\u00bb _builder_version=\u00a0\u00bb4.15&Prime; width=\u00a0\u00bb17%\u00a0\u00bb custom_margin=\u00a0\u00bb-59px|||||\u00a0\u00bb global_colors_info=\u00a0\u00bb{}\u00a0\u00bb][\/et_pb_image][\/et_pb_column][\/et_pb_row][\/et_pb_section][et_pb_section fb_built=\u00a0\u00bb1&Prime; _builder_version=\u00a0\u00bb4.15&Prime; global_colors_info=\u00a0\u00bb{}\u00a0\u00bb][et_pb_row column_structure=\u00a0\u00bb1_2,1_6,1_6,1_6&Prime; _builder_version=\u00a0\u00bb4.15&Prime; global_colors_info=\u00a0\u00bb{}\u00a0\u00bb][et_pb_column type=\u00a0\u00bb1_2&Prime; _builder_version=\u00a0\u00bb4.15&Prime; global_colors_info=\u00a0\u00bb{}\u00a0\u00bb][et_pb_text _builder_version=\u00a0\u00bb4.15&Prime; text_font_size=\u00a0\u00bb12px\u00a0\u00bb text_orientation=\u00a0\u00bbjustified\u00a0\u00bb custom_padding=\u00a0\u00bb|13px|||false|false\u00a0\u00bb border_width_right=\u00a0\u00bb3px\u00a0\u00bb border_color_right=\u00a0\u00bb#3b180b\u00a0\u00bb global_colors_info=\u00a0\u00bb{}\u00a0\u00bb]<\/p>\n<p><strong>J\u00e9r\u00f4me et Dylan<\/strong> &#8211; <strong>P\u00e8re et fils<\/strong> &#8211; sont sp\u00e9cialis\u00e9s dans l&rsquo;abatage, l&rsquo;\u00e9lagage et la taille de vos ext\u00e9rieurs.<\/p>\n<p>Nous travaillons en s\u00e9curit\u00e9 avec du mat\u00e9riel professionnel. B\u00e9n\u00e9ficiaire d&rsquo;une assurance sp\u00e9cialis\u00e9e, nous sommes attentif \u00e0 votre s\u00e9curit\u00e9 et celle de vos biens lors de nos travaux.<\/p>\n<p><strong>Nos devis sont gratuits et sans engagement de votre part. N&rsquo;h\u00e9sitez pas \u00e0 vous renseignez.<\/strong><\/p>\n<p>[\/et_pb_text][et_pb_text _builder_version=\u00a0\u00bb4.15&Prime; text_font=\u00a0\u00bb||on||||||\u00a0\u00bb text_text_color=\u00a0\u00bb#9b5a00&Prime; text_font_size=\u00a0\u00bb28px\u00a0\u00bb text_line_height=\u00a0\u00bb1.9em\u00a0\u00bb quote_text_align=\u00a0\u00bbcenter\u00a0\u00bb text_text_shadow_style=\u00a0\u00bbpreset1&Prime; global_colors_info=\u00a0\u00bb{}\u00a0\u00bb]<\/p>\n<p style=\"text-align: center;\">\u00a0\u00bb Fini les nuits blanches<br \/> par temps d&rsquo;orage et de temp\u00eate ! \u00ab\u00a0<\/p>\n<p>[\/et_pb_text][\/et_pb_column][et_pb_column type=\u00a0\u00bb1_6&Prime; _builder_version=\u00a0\u00bb4.15&Prime; global_colors_info=\u00a0\u00bb{}\u00a0\u00bb][et_pb_blurb title=\u00a0\u00bbAbattage\u00a0\u00bb image=\u00a0\u00bbhttp:\/\/jeromedylan-elagage.fr\/wp-content\/uploads\/2020\/02\/5896-scaled.jpg\u00a0\u00bb _builder_version=\u00a0\u00bb4.15.1&Prime; header_font=\u00a0\u00bb|||||on|||\u00a0\u00bb header_text_color=\u00a0\u00bb#511d0a\u00a0\u00bb header_font_size=\u00a0\u00bb22px\u00a0\u00bb body_font_size=\u00a0\u00bb11px\u00a0\u00bb body_line_height=\u00a0\u00bb1.5em\u00a0\u00bb text_orientation=\u00a0\u00bbcenter\u00a0\u00bb child_filter_sepia=\u00a0\u00bb75%\u00a0\u00bb hover_enabled=\u00a0\u00bb0&Prime; border_radii_image=\u00a0\u00bboff|15px|15px||\u00a0\u00bb global_colors_info=\u00a0\u00bb{}\u00a0\u00bb sticky_enabled=\u00a0\u00bb0&Prime;]<\/p>\n<p>Abattage de vos arbres en toute s\u00e9curit\u00e9.<\/p>\n<p>[\/et_pb_blurb][et_pb_button button_url=\u00a0\u00bbhttp:\/\/jeromedylan-elagage.fr\/index.php\/abattage\/\u00a0\u00bb button_text=\u00a0\u00bbEn savoir plus\u00a0\u00bb button_alignment=\u00a0\u00bbcenter\u00a0\u00bb _builder_version=\u00a0\u00bb4.2.2&Prime; custom_button=\u00a0\u00bbon\u00a0\u00bb button_text_size=\u00a0\u00bb13px\u00a0\u00bb button_text_color=\u00a0\u00bb#ffffff\u00a0\u00bb button_bg_color=\u00a0\u00bb#3b180b\u00a0\u00bb button_border_width=\u00a0\u00bb0px\u00a0\u00bb global_colors_info=\u00a0\u00bb{}\u00a0\u00bb][\/et_pb_button][\/et_pb_column][et_pb_column type=\u00a0\u00bb1_6&Prime; _builder_version=\u00a0\u00bb4.15&Prime; global_colors_info=\u00a0\u00bb{}\u00a0\u00bb][et_pb_blurb title=\u00a0\u00bbElagage\u00a0\u00bb image=\u00a0\u00bbhttp:\/\/jeromedylan-elagage.fr\/wp-content\/uploads\/2020\/02\/Elagage.jpg\u00a0\u00bb _builder_version=\u00a0\u00bb4.15&Prime; header_font=\u00a0\u00bb|||||on|||\u00a0\u00bb header_text_color=\u00a0\u00bb#511d0a\u00a0\u00bb header_font_size=\u00a0\u00bb22px\u00a0\u00bb body_font_size=\u00a0\u00bb11px\u00a0\u00bb body_line_height=\u00a0\u00bb1.5em\u00a0\u00bb text_orientation=\u00a0\u00bbcenter\u00a0\u00bb child_filter_sepia=\u00a0\u00bb75%\u00a0\u00bb border_radii_image=\u00a0\u00bboff|15px|15px||\u00a0\u00bb global_colors_info=\u00a0\u00bb{}\u00a0\u00bb]<\/p>\n<p>Coupe, taille et \u00e9t\u00eatage des arbres avec harnais.<\/p>\n<p>[\/et_pb_blurb][et_pb_button button_url=\u00a0\u00bbhttp:\/\/jeromedylan-elagage.fr\/index.php\/elagage\/\u00a0\u00bb button_text=\u00a0\u00bbEn savoir plus\u00a0\u00bb button_alignment=\u00a0\u00bbcenter\u00a0\u00bb _builder_version=\u00a0\u00bb4.2.2&Prime; custom_button=\u00a0\u00bbon\u00a0\u00bb button_text_size=\u00a0\u00bb13px\u00a0\u00bb button_text_color=\u00a0\u00bb#ffffff\u00a0\u00bb button_bg_color=\u00a0\u00bb#3b180b\u00a0\u00bb button_border_width=\u00a0\u00bb0px\u00a0\u00bb global_colors_info=\u00a0\u00bb{}\u00a0\u00bb][\/et_pb_button][\/et_pb_column][et_pb_column type=\u00a0\u00bb1_6&Prime; _builder_version=\u00a0\u00bb4.15&Prime; global_colors_info=\u00a0\u00bb{}\u00a0\u00bb][et_pb_blurb title=\u00a0\u00bbTaille\u00a0\u00bb image=\u00a0\u00bbhttp:\/\/jeromedylan-elagage.fr\/wp-content\/uploads\/2020\/02\/taille-haie.jpg\u00a0\u00bb _builder_version=\u00a0\u00bb4.15&Prime; header_font=\u00a0\u00bb|||||on|||\u00a0\u00bb header_text_color=\u00a0\u00bb#511d0a\u00a0\u00bb header_font_size=\u00a0\u00bb22px\u00a0\u00bb body_font_size=\u00a0\u00bb11px\u00a0\u00bb body_line_height=\u00a0\u00bb1.5em\u00a0\u00bb text_orientation=\u00a0\u00bbcenter\u00a0\u00bb child_filter_sepia=\u00a0\u00bb75%\u00a0\u00bb border_radii_image=\u00a0\u00bboff|15px|15px||\u00a0\u00bb global_colors_info=\u00a0\u00bb{}\u00a0\u00bb]<\/p>\n<p>Taille de vos haies, pelouses et d\u00e9broussaillage.<\/p>\n<p>[\/et_pb_blurb][et_pb_button button_url=\u00a0\u00bbhttp:\/\/jeromedylan-elagage.fr\/index.php\/les-tailles\/\u00a0\u00bb button_text=\u00a0\u00bbEn savoir plus\u00a0\u00bb button_alignment=\u00a0\u00bbcenter\u00a0\u00bb _builder_version=\u00a0\u00bb4.2.2&Prime; custom_button=\u00a0\u00bbon\u00a0\u00bb button_text_size=\u00a0\u00bb13px\u00a0\u00bb button_text_color=\u00a0\u00bb#ffffff\u00a0\u00bb button_bg_color=\u00a0\u00bb#3b180b\u00a0\u00bb button_border_width=\u00a0\u00bb0px\u00a0\u00bb global_colors_info=\u00a0\u00bb{}\u00a0\u00bb][\/et_pb_button][\/et_pb_column][\/et_pb_row][et_pb_row column_structure=\u00a0\u00bb1_3,1_3,1_3&Prime; _builder_version=\u00a0\u00bb4.15&Prime; global_colors_info=\u00a0\u00bb{}\u00a0\u00bb][et_pb_column type=\u00a0\u00bb1_3&Prime; _builder_version=\u00a0\u00bb4.15&Prime; global_colors_info=\u00a0\u00bb{}\u00a0\u00bb][et_pb_social_media_follow use_icon_font_size=\u00a0\u00bbon\u00a0\u00bb icon_font_size=\u00a0\u00bb73px\u00a0\u00bb _builder_version=\u00a0\u00bb4.15&Prime; text_orientation=\u00a0\u00bbright\u00a0\u00bb global_colors_info=\u00a0\u00bb{}\u00a0\u00bb][et_pb_social_media_follow_network social_network=\u00a0\u00bbfacebook\u00a0\u00bb url=\u00a0\u00bbhttps:\/\/www.facebook.com\/dylan.schwartz.5095&Prime; use_icon_font_size=\u00a0\u00bbon\u00a0\u00bb icon_font_size=\u00a0\u00bb44px\u00a0\u00bb _builder_version=\u00a0\u00bb4.3.4&Prime; background_color=\u00a0\u00bb#3b5998&Prime; global_colors_info=\u00a0\u00bb{}\u00a0\u00bb follow_button=\u00a0\u00bboff\u00a0\u00bb url_new_window=\u00a0\u00bbon\u00a0\u00bb]facebook[\/et_pb_social_media_follow_network][\/et_pb_social_media_follow][\/et_pb_column][et_pb_column type=\u00a0\u00bb1_3&Prime; _builder_version=\u00a0\u00bb4.15&Prime; global_colors_info=\u00a0\u00bb{}\u00a0\u00bb][et_pb_image src=\u00a0\u00bbhttp:\/\/jeromedylan-elagage.fr\/wp-content\/uploads\/2020\/02\/air.jpg\u00a0\u00bb align=\u00a0\u00bbright\u00a0\u00bb _builder_version=\u00a0\u00bb4.15&Prime; height=\u00a0\u00bb126px\u00a0\u00bb border_radii=\u00a0\u00bboff|15px|||15px\u00a0\u00bb global_colors_info=\u00a0\u00bb{}\u00a0\u00bb][\/et_pb_image][\/et_pb_column][et_pb_column type=\u00a0\u00bb1_3&Prime; _builder_version=\u00a0\u00bb4.15&Prime; global_colors_info=\u00a0\u00bb{}\u00a0\u00bb][et_pb_text _builder_version=\u00a0\u00bb4.15&Prime; custom_margin=\u00a0\u00bb|||-20px||\u00a0\u00bb global_colors_info=\u00a0\u00bb{}\u00a0\u00bb]<\/p>\n<p>Nous travaillons dans le respect de l&rsquo;environnement en utilisant un<span style=\"color: #008000;\"><strong> carburant sp\u00e9cial moins polluant<\/strong><\/span>, le Motomix. Egalement moins agressif pour l&rsquo;air des personnes \u00e0 proximit\u00e9.<\/p>\n<p>[\/et_pb_text][\/et_pb_column][\/et_pb_row][\/et_pb_section]<\/p>\n","protected":false},"excerpt":{"rendered":"<p>J\u00e9r\u00f4me et Dylan &#8211; P\u00e8re et fils &#8211; sont sp\u00e9cialis\u00e9s dans l&rsquo;abatage, l&rsquo;\u00e9lagage et la taille de vos ext\u00e9rieurs. Nous travaillons en s\u00e9curit\u00e9 avec du mat\u00e9riel professionnel. B\u00e9n\u00e9ficiaire d&rsquo;une assurance sp\u00e9cialis\u00e9e, nous sommes attentif \u00e0 votre s\u00e9curit\u00e9 et celle de vos biens lors de nos travaux. Nos devis sont gratuits et sans engagement de votre [&hellip;]<\/p>\n","protected":false},"author":1,"featured_media":0,"parent":0,"menu_order":0,"comment_status":"closed","ping_status":"closed","template":"","meta":{"_et_pb_use_builder":"on","_et_pb_old_content":"","_et_gb_content_width":"","footnotes":""},"class_list":["post-5","page","type-page","status-publish","hentry"],"_links":{"self":[{"href":"https:\/\/jeromedylan-elagage.fr\/index.php\/wp-json\/wp\/v2\/pages\/5","targetHints":{"allow":["GET"]}}],"collection":[{"href":"https:\/\/jeromedylan-elagage.fr\/index.php\/wp-json\/wp\/v2\/pages"}],"about":[{"href":"https:\/\/jeromedylan-elagage.fr\/index.php\/wp-json\/wp\/v2\/types\/page"}],"author":[{"embeddable":true,"href":"https:\/\/jeromedylan-elagage.fr\/index.php\/wp-json\/wp\/v2\/users\/1"}],"replies":[{"embeddable":true,"href":"https:\/\/jeromedylan-elagage.fr\/index.php\/wp-json\/wp\/v2\/comments?post=5"}],"version-history":[{"count":25,"href":"https:\/\/jeromedylan-elagage.fr\/index.php\/wp-json\/wp\/v2\/pages\/5\/revisions"}],"predecessor-version":[{"id":279,"href":"https:\/\/jeromedylan-elagage.fr\/index.php\/wp-json\/wp\/v2\/pages\/5\/revisions\/279"}],"wp:attachment":[{"href":"https:\/\/jeromedylan-elagage.fr\/index.php\/wp-json\/wp\/v2\/media?parent=5"}],"curies":[{"name":"wp","href":"https:\/\/api.w.org\/{rel}","templated":true}]}}