{"id":9,"date":"2020-01-24T10:02:48","date_gmt":"2020-01-24T09:02:48","guid":{"rendered":"http:\/\/jeromedylan-elagage.fr\/?page_id=9"},"modified":"2020-02-25T11:33:53","modified_gmt":"2020-02-25T10:33:53","slug":"abattage","status":"publish","type":"page","link":"https:\/\/jeromedylan-elagage.fr\/index.php\/abattage\/","title":{"rendered":"Abattage"},"content":{"rendered":"<p>[et_pb_section fb_built=\u00a0\u00bb1&Prime; _builder_version=\u00a0\u00bb4.2.2&Prime; background_image=\u00a0\u00bbhttp:\/\/jeromedylan-elagage.fr\/wp-content\/uploads\/2020\/02\/fond1-haut.jpg\u00a0\u00bb module_alignment=\u00a0\u00bbcenter\u00a0\u00bb height=\u00a0\u00bb227px\u00a0\u00bb border_width_top=\u00a0\u00bb3px\u00a0\u00bb border_color_top=\u00a0\u00bb#873211&Prime; box_shadow_style=\u00a0\u00bbpreset1&Prime;][et_pb_row _builder_version=\u00a0\u00bb4.2.2&Prime;][et_pb_column type=\u00a0\u00bb4_4&Prime; _builder_version=\u00a0\u00bb4.2.2&Prime;][et_pb_image src=\u00a0\u00bbhttp:\/\/jeromedylan-elagage.fr\/wp-content\/uploads\/2020\/02\/Logo.png\u00a0\u00bb align=\u00a0\u00bbcenter\u00a0\u00bb _builder_version=\u00a0\u00bb4.2.2&Prime; width=\u00a0\u00bb17%\u00a0\u00bb custom_margin=\u00a0\u00bb-59px|||||\u00a0\u00bb][\/et_pb_image][\/et_pb_column][\/et_pb_row][\/et_pb_section][et_pb_section fb_built=\u00a0\u00bb1&Prime; _builder_version=\u00a0\u00bb4.2.2&Prime;][et_pb_row column_structure=\u00a0\u00bb1_2,1_2&Prime; _builder_version=\u00a0\u00bb4.2.2&Prime;][et_pb_column type=\u00a0\u00bb1_2&Prime; _builder_version=\u00a0\u00bb4.2.2&Prime;][et_pb_image src=\u00a0\u00bbhttp:\/\/jeromedylan-elagage.fr\/wp-content\/uploads\/2020\/02\/5896-scaled.jpg\u00a0\u00bb _builder_version=\u00a0\u00bb4.2.2&Prime; border_radii=\u00a0\u00bbon|7px|7px|7px|7px\u00a0\u00bb box_shadow_style=\u00a0\u00bbpreset3&Prime;][\/et_pb_image][\/et_pb_column][et_pb_column type=\u00a0\u00bb1_2&Prime; _builder_version=\u00a0\u00bb4.2.2&Prime;][et_pb_text _builder_version=\u00a0\u00bb4.2.2&Prime; hover_enabled=\u00a0\u00bb0&Prime;]<\/p>\n<p><strong>Nous r\u00e9alisons l&rsquo;abattage de vos arbres.<\/strong><\/p>\n<p>Nous prenons le soin de travailler en toute s\u00e9curit\u00e9 pour vous, nos \u00e9quipes et vos biens.<\/p>\n<p><img loading=\"lazy\" decoding=\"async\" src=\"http:\/\/jeromedylan-elagage.fr\/wp-content\/uploads\/2020\/02\/12794-300x200.jpg\" alt=\"\" class=\"wp-image-144 alignleft size-medium\" width=\"158\" height=\"105\" \/>Suivant votre demande et vos besoins, <strong>nous nous occupons d&rsquo;enlever les d\u00e9chets verts et nous pouvons pr\u00e9parer le bois coup\u00e9 en billot<\/strong> \u00e0 la mesure de votre foyer.<\/p>\n<p>Nous faisons \u00e9galement le dessouchage \/ d\u00e9racinement.<\/p>\n<p>Nous travaillons dans le respect de l&rsquo;environnement en utilisant un<span style=\"color: #008000;\"><strong> carburant sp\u00e9cial moins polluant<\/strong><\/span>, le Motomix. Egalement moins agressif pour l&rsquo;air des personnes \u00e0 proximit\u00e9.<\/p>\n<p><strong>Une questions ? n&rsquo;h\u00e9sitez pas \u00e0 nous contacter.<\/strong><\/p>\n<p>[\/et_pb_text][\/et_pb_column][\/et_pb_row][\/et_pb_section]<\/p>\n","protected":false},"excerpt":{"rendered":"<p>Nous r\u00e9alisons l&rsquo;abattage de vos arbres. Nous prenons le soin de travailler en toute s\u00e9curit\u00e9 pour vous, nos \u00e9quipes et vos biens. Suivant votre demande et vos besoins, nous nous occupons d&rsquo;enlever les d\u00e9chets verts et nous pouvons pr\u00e9parer le bois coup\u00e9 en billot \u00e0 la mesure de votre foyer. Nous faisons \u00e9galement le dessouchage [&hellip;]<\/p>\n","protected":false},"author":1,"featured_media":0,"parent":0,"menu_order":0,"comment_status":"closed","ping_status":"closed","template":"","meta":{"_et_pb_use_builder":"on","_et_pb_old_content":"<img src=\"http:\/\/jeromedylan-elagage.fr\/wp-content\/plugins\/elementor\/assets\/images\/placeholder.png\" title=\"\" alt=\"\" \/>\t\t\t\t\t\t\t\t\t\t\t\n\t\t[contact-form-7 id=\"101\" title=\"RH spontann\u00e9\"]","_et_gb_content_width":"","footnotes":""},"class_list":["post-9","page","type-page","status-publish","hentry"],"_links":{"self":[{"href":"https:\/\/jeromedylan-elagage.fr\/index.php\/wp-json\/wp\/v2\/pages\/9","targetHints":{"allow":["GET"]}}],"collection":[{"href":"https:\/\/jeromedylan-elagage.fr\/index.php\/wp-json\/wp\/v2\/pages"}],"about":[{"href":"https:\/\/jeromedylan-elagage.fr\/index.php\/wp-json\/wp\/v2\/types\/page"}],"author":[{"embeddable":true,"href":"https:\/\/jeromedylan-elagage.fr\/index.php\/wp-json\/wp\/v2\/users\/1"}],"replies":[{"embeddable":true,"href":"https:\/\/jeromedylan-elagage.fr\/index.php\/wp-json\/wp\/v2\/comments?post=9"}],"version-history":[{"count":23,"href":"https:\/\/jeromedylan-elagage.fr\/index.php\/wp-json\/wp\/v2\/pages\/9\/revisions"}],"predecessor-version":[{"id":226,"href":"https:\/\/jeromedylan-elagage.fr\/index.php\/wp-json\/wp\/v2\/pages\/9\/revisions\/226"}],"wp:attachment":[{"href":"https:\/\/jeromedylan-elagage.fr\/index.php\/wp-json\/wp\/v2\/media?parent=9"}],"curies":[{"name":"wp","href":"https:\/\/api.w.org\/{rel}","templated":true}]}}